{"id":34866,"date":"2025-01-16T02:26:58","date_gmt":"2025-01-16T07:26:58","guid":{"rendered":"https:\/\/bizerba-label.com\/careers\/"},"modified":"2025-03-10T03:08:49","modified_gmt":"2025-03-10T08:08:49","slug":"careers","status":"publish","type":"page","link":"https:\/\/labels.bizerba.com\/en\/careers\/","title":{"rendered":"Careers"},"content":{"rendered":"<p>[et_pb_section fb_built=&#8221;1&#8243; custom_padding_last_edited=&#8221;on|phone&#8221; _builder_version=&#8221;4.27.4&#8243; _module_preset=&#8221;default&#8221; use_background_color_gradient=&#8221;on&#8221; background_image=&#8221;https:\/\/bizerba-label.com\/wp-content\/uploads\/2024\/12\/labeling-systems_weigh-price-labeler_G5_1200px.webp&#8221; background_position=&#8221;top_center&#8221; background_vertical_offset=&#8221;17%&#8221; background_enable_pattern_style=&#8221;on&#8221; background_pattern_style=&#8221;cubes&#8221; background_pattern_blend_mode=&#8221;saturation&#8221; custom_padding=&#8221;110px||110px||true|false&#8221; custom_padding_tablet=&#8221;75px||75px||true|false&#8221; custom_padding_phone=&#8221;50px||50px||true|false&#8221; global_colors_info=&#8221;{}&#8221;][et_pb_row _builder_version=&#8221;4.21.0&#8243; _module_preset=&#8221;default&#8221; width=&#8221;90%&#8221; max_width=&#8221;1240px&#8221; global_colors_info=&#8221;{}&#8221;][et_pb_column type=&#8221;4_4&#8243; _builder_version=&#8221;4.21.0&#8243; _module_preset=&#8221;default&#8221; global_colors_info=&#8221;{}&#8221;][et_pb_text _builder_version=&#8221;4.27.4&#8243; _module_preset=&#8221;default&#8221; text_font=&#8221;&#8211;et_global_body_font|800|||||||&#8221; text_text_color=&#8221;#000000&#8243; text_font_size=&#8221;3rem&#8221; text_line_height=&#8221;1.1em&#8221; header_font=&#8221;|700|||||||&#8221; header_text_align=&#8221;right&#8221; header_text_color=&#8221;#000000&#8243; header_font_size=&#8221;60px&#8221; background_color=&#8221;rgba(255,255,255,0.86)&#8221; custom_padding=&#8221;27px|20px|27px|20px|true|true&#8221; scroll_scaling_enable=&#8221;on&#8221; scroll_scaling=&#8221;0|23|23|100|100%|100|80%&#8221; scroll_blur_enable=&#8221;on&#8221; scroll_blur=&#8221;0|76|76|100|0px|0px|10px&#8221; hover_enabled=&#8221;0&#8243; header_font_size_tablet=&#8221;48px&#8221; header_font_size_phone=&#8221;36px&#8221; header_font_size_last_edited=&#8221;on|tablet&#8221; border_radii=&#8221;on|3px|3px|3px|3px&#8221; global_colors_info=&#8221;{}&#8221; width=&#8221;78%&#8221; module_alignment=&#8221;center&#8221; sticky_enabled=&#8221;0&#8243;]<\/p>\n<p style=\"text-align: center;\">Turn your ideas into reality<\/p>\n<p>[\/et_pb_text][\/et_pb_column][\/et_pb_row][\/et_pb_section][et_pb_section fb_built=&#8221;1&#8243; _builder_version=&#8221;4.27.4&#8243; _module_preset=&#8221;default&#8221; custom_margin=&#8221;0px|0px|0px|0px|true|true&#8221; custom_padding=&#8221;0px|0px|0px|0px|true|true&#8221; hover_enabled=&#8221;0&#8243; global_colors_info=&#8221;{}&#8221; sticky_enabled=&#8221;0&#8243;][et_pb_row _builder_version=&#8221;4.27.4&#8243; _module_preset=&#8221;default&#8221; background_color=&#8221;RGBA(255,255,255,0)&#8221; module_alignment=&#8221;center&#8221; custom_margin=&#8221;0px|0px|0px|0px|true|true&#8221; custom_padding=&#8221;0px|0px|0px|0px|true|true&#8221; hover_enabled=&#8221;0&#8243; global_colors_info=&#8221;{}&#8221; sticky_enabled=&#8221;0&#8243;][et_pb_column type=&#8221;4_4&#8243; _builder_version=&#8221;4.27.4&#8243; _module_preset=&#8221;default&#8221; global_colors_info=&#8221;{}&#8221;][et_pb_text _builder_version=&#8221;4.27.4&#8243; _module_preset=&#8221;default&#8221; text_text_color=&#8221;#0a0a0a&#8221; text_font_size=&#8221;19px&#8221; hover_enabled=&#8221;0&#8243; global_colors_info=&#8221;{}&#8221; theme_builder_area=&#8221;post_content&#8221; text_orientation=&#8221;center&#8221; custom_margin=&#8221;20px|20px|20px|20px|false|false&#8221; sticky_enabled=&#8221;0&#8243;]<\/p>\n<p><strong>JOIN OUR TEAM!<\/strong><\/p>\n<p>Are you looking for a new professional opportunity?<br \/>Join a dynamic, innovative company where your talent and commitment will make all the difference!<br \/>We&#8217;re looking for people who are motivated, passionate and ready to take on new challenges.<\/p>\n<p><strong>Check out our open positions below and apply today to be part of the adventure!<\/strong><\/p>\n<p>[\/et_pb_text][et_pb_code _builder_version=&#8221;4.27.4&#8243; _module_preset=&#8221;default&#8221; background_color=&#8221;RGBA(255,255,255,0)&#8221; transform_scale_linked=&#8221;off&#8221; transform_translate=&#8221;0px|-120px&#8221; transform_translate_linked=&#8221;off&#8221; custom_margin=&#8221;100px|0px|100px|0px|true|true&#8221; custom_padding=&#8221;0px|0px|0px|0px|true|true&#8221; hover_enabled=&#8221;0&#8243; custom_css_free_form=&#8221;.sjb-filters{||  border-radius:5px;||box-shadow: 5px 4px 13px 0px rgba(51,51,51,0.29);||-webkit-box-shadow: 5px 4px 13px 0px rgba(51,51,51,0.29);||-moz-box-shadow: 5px 4px 13px 0px rgba(51,51,51,0.29);||  background-color:white !important||}||||.sjb-page .sjb-filters.sjb-filters-v1 .btn-search{||  border-radius:5px;||  border:0px;||  background:#0c71c3;||  color:white||}||.sjb-page .sjb-filters.sjb-filters-v1 .btn-search:hover{||  opacity:0.8||}||.sjb-page .sjb-filters.sjb-filters-v1 .form-control{||  border-radius:5px;||  background-color:#e4e4e4;||  color:#333;||  font-weight:500||||}||.sjb-page .sjb-filters.sjb-filters-v1 .form-control::placeholder{||  color:#333;||}||.sjb-page{||  font-family:Roboto||}||.sjb-page .list-data .v1{||  border-radius:5px;||box-shadow: 5px 4px 13px 0px rgba(51,51,51,0.23);||-webkit-box-shadow: 5px 4px 13px 0px rgba(51,51,51,0.23);||-moz-box-shadow: 5px 4px 13px 0px rgba(51,51,51,0.23);||}||.sjb-page .list-data .v1 .job-info h4 a{||  font-weight:600;||}||.sjb-page .list-data .v1 .job-date i::before{||  color:#0c71c3;||}||||.sjb-page .list-data .v1 .job-description p{||  color:#333;||  font-size:14px||}||.sjb-page .list-data .v1 .job-date{||    color:#333;||    font-weight:400;||  font-size:15px;||}||.sjb-page .list-data .v1 .sjb-apply-now-btn a{||  border-radius:5px;||  border:none;||  color:white;||  background-color:#0c71c3;||  font-weight:500||}||.sjb-page .list-data .v1 .sjb-apply-now-btn a:hover{||    opacity:0.8||}&#8221; global_colors_info=&#8221;{}&#8221; sticky_enabled=&#8221;0&#8243;]<div class=\"sjb-page\">\r\n<!-- Start: Jobs Listing Wrapper -->\r\n\r\n\r\n<!-- Start Job Filters\r\n================================================== -->\r\n<div class=\"sjb-filters sjb-filters-v1\">\r\n        <form class=\"filters-form\" action=\"https:\/\/labels.bizerba.com\/en\/careers\/\" method=\"get\">\r\n        <div class=\"row\">\r\n            \r\n    <!-- Keywords Search-->    \r\n    <div class=\"sjb-search-keywords col-md-10 col-xs-12\">\r\n        <div class=\"form-group\">\r\n                        <label class=\"sr-only\" for=\"keywords\">Keywords<\/label>\r\n            <input type=\"text\" class=\"form-control\" value=\"\" placeholder=\"Keywords\" id=\"keywords\" name=\"search_keywords\">\r\n        <\/div>\r\n    <\/div>\r\n    <div class=\"sjb-search-button col-md-3 col-xs-12\"><input class=\"btn-search btn btn-primary\" value=\"&#xf002;\" type=\"submit\"><\/div>        <\/div>\r\n    <\/form>\r\n<\/div>\r\n<!-- ==================================================\r\nEnd Job Filters -->\r\n\r\n\r\n<div class=\"sjb-listing\">\r\n        <!-- start Jobs Listing: List View -->\r\n    <div class=\"list-view\">\r\n        \r\n    <div class=\"row\">\r\n<!-- Start Jobs Grid View \r\n================================================== -->\r\n<div class=\"col-md-4 col-sm-6 grid-item\">\r\n    <div class=\"list-data\">\r\n        <div class=\"v1 sjb-job-34515\">\r\n\r\n        <!-- Grid view header -->\r\n        <header>\r\n            <div class=\"row\">\r\n                \r\n<!-- start Company Title -->\r\n<div class=\"col-sm-12\">\r\n    <div class=\"job-info\">\r\n        <h4>\r\n            <a href=\"https:\/\/labels.bizerba.com\/en\/jobs\/operateur-operatrice-de-production-fabrication-h-f\/\">\r\n                <span class=\"job-title\">Op\u00e9rateur\/Op\u00e9ratrice de production\/fabrication (H\/F)<\/span>            <\/a>\r\n        <\/h4>\r\n            <\/div>\r\n<\/div><!-- end Company Title -->\r\n\r\n\r\n<!-- Start Job's type\r\n================================================== -->\r\n<div class=\"col-sm-12\">    \r\n    <\/div>\r\n<!-- ==================================================\r\nEnd Job's type -->\r\n\r\n\r\n<!-- Start Job's Location\r\n================================================== -->\r\n<div class=\"col-sm-12\">\r\n    <\/div>\r\n<!-- ==================================================\r\nEnd Job's Location -->\r\n\r\n\r\n<!-- Start Job's Post Date\r\n================================================== -->\r\n<div class=\"col-sm-12\">\r\n            <div class=\"job-date\"><i class=\"fa  fa-calendar-check\"><\/i>Posted 1 year ago<\/div>\r\n    <\/div>\r\n<!-- ==================================================\r\nEnd Job's Post Date -->\r\n\r\n            <\/div>\r\n        <\/header>\r\n        \r\n        \r\n    <!-- View more content start\r\n    ================================= -->\r\n    \r\n<!-- View long content start \r\n================================================== -->\r\n<div class=\"sjb_more_content\" id=\"sjb_more_content_34515\">\r\n    <strong>DESCRIPTION<\/strong>\r\nRattach\u00e9 au chef d'\u00e9quipe, l'op\u00e9rateur (H\/F) assurer la fabrication et le conditionnement de produits conformes aux dossiers de production dans le respect de la s\u00e9curit\u00e9, de l'hygi\u00e8ne, de la qualit\u00e9 et de l'environnement. Il fabrique et conditionne des produits suivant les modes op\u00e9ratoires qui lui sont communiqu\u00e9s. Il r\u00e9alise l'entretien des machines et la maintenance de premier niveau, et dans le cadre de l'am\u00e9lioration continue, il doit proposer des am\u00e9liorations visant \u00e0 optimiser l'organisation et le fonctionnement de son poste.\r\n\r\n<strong>PROFIL SOUHAIT\u00c9<\/strong>\r\n\r\n<strong>Exp\u00e9rience<\/strong>\r\n<ul>\r\n \t<li>D\u00e9butant accept\u00e9<\/li>\r\n<\/ul>\r\n<strong>Savoirs et savoir-faire<\/strong>\r\n<ul>\r\n \t<li>Contr\u00f4ler le conditionnement d'un produit<\/li>\r\n \t<li>Entretenir, nettoyer un espace, un lieu, un local<\/li>\r\n<\/ul>\r\n<strong>Savoir-\u00eatre professionnels<\/strong>\r\n<ul>\r\n \t<li>Faire preuve de rigueur et de pr\u00e9cision<\/li>\r\n \t<li>S'adapter aux changements<\/li>\r\n \t<li>Travailler en \u00e9quipe<\/li>\r\n<\/ul>    \r\n<!-- Start Job Features\r\n================================================== -->\r\n<div class=\"job-features\">\r\n            <h3>Job Features<\/h3>\r\n        \r\n    <table class=\"table\">\r\n        <tbody>\r\n            <tr><td style=\"padding: 8px;\">Job Category<\/td><td style=\"padding: 8px;\">Fran\u00e7ais<\/td><\/tr>\r\n                        <\/tbody>\r\n    <\/table>\r\n<\/div>\r\n<!-- ==================================================\r\nEnd Job Features -->\r\n\r\n<div class=\"clearfix\"><\/div>\r\n<\/div>\r\n<!-- ==================================================\r\nView long content end  -->\r\n\r\n    <!-- View more content end\r\n    ================================= -->\r\n\r\n    <!-- Start Job's Short Description \r\n    ================================================== -->\r\n    <div class=\"job-description\">\r\n        <div id=\"sjb_less_content_34515\"><p>DESCRIPTION Rattach\u00e9 au chef d&#8217;\u00e9quipe, l&#8217;op\u00e9rateur (H\/F) assurer la fabrication et le conditionnement de produits conformes aux dossiers de production dans le respect de la s\u00e9curit\u00e9, ...<\/p><\/div><div class=\"sjb-apply-now-btn\"><p><p><a href=\"javascript:void(0)\" id=\"quick-apply-btn\" class=\"btn btn-primary \" job_id=\"34515\">Candidature rapide <\/a><a href=\"https:\/\/labels.bizerba.com\/en\/jobs\/operateur-operatrice-de-production-fabrication-h-f\/\" class=\"btn btn-primary \">En savoir plus<\/a><\/p><div class=\"sjb-view-less-btn\" id=\"sjb_view_less_btn_34515\"><a data-id=\"34515\" class=\"sjb_view_less_btn sjb_view_more_btn\">View less<\/a><\/div><\/p><\/div>    <\/div>\r\n    <!-- ==================================================\r\n    End Job's Short Description  -->\r\n\r\n            <\/div>\r\n    <\/div>\r\n    <div class=\"clearfix\"><\/div>\r\n<\/div>\r\n<!-- ==================================================\r\nEnd Jobs Grid View -->\r\n\r\n<\/div>\r\n    <\/div> <!-- end Jobs Listing: List View -->\r\n<\/div>\r\n<!-- End: Jobs Listing -->\r\n\r\n<div class=\"clearfix\"><\/div>\r\n<\/div>\r\n<!-- End: Jobs Listing Wrapper -->\r\n\r\n[\/et_pb_code][\/et_pb_column][\/et_pb_row][\/et_pb_section]<\/p>\n","protected":false},"excerpt":{"rendered":"<p>[et_pb_section fb_built=&#8221;1&#8243; custom_padding_last_edited=&#8221;on|phone&#8221; _builder_version=&#8221;4.27.4&#8243; _module_preset=&#8221;default&#8221; use_background_color_gradient=&#8221;on&#8221; background_image=&#8221;https:\/\/bizerba-label.com\/wp-content\/uploads\/2024\/12\/labeling-systems_weigh-price-labeler_G5_1200px.webp&#8221; background_position=&#8221;top_center&#8221; background_vertical_offset=&#8221;17%&#8221; background_enable_pattern_style=&#8221;on&#8221; background_pattern_style=&#8221;cubes&#8221; background_pattern_blend_mode=&#8221;saturation&#8221; custom_padding=&#8221;110px||110px||true|false&#8221; custom_padding_tablet=&#8221;75px||75px||true|false&#8221; custom_padding_phone=&#8221;50px||50px||true|false&#8221; global_colors_info=&#8221;{}&#8221;][et_pb_row _builder_version=&#8221;4.21.0&#8243; _module_preset=&#8221;default&#8221; width=&#8221;90%&#8221; max_width=&#8221;1240px&#8221; global_colors_info=&#8221;{}&#8221;][et_pb_column type=&#8221;4_4&#8243; _builder_version=&#8221;4.21.0&#8243; _module_preset=&#8221;default&#8221; global_colors_info=&#8221;{}&#8221;][et_pb_text _builder_version=&#8221;4.27.4&#8243; _module_preset=&#8221;default&#8221; text_font=&#8221;&#8211;et_global_body_font|800|||||||&#8221; text_text_color=&#8221;#000000&#8243; text_font_size=&#8221;3rem&#8221; text_line_height=&#8221;1.1em&#8221; header_font=&#8221;|700|||||||&#8221; header_text_align=&#8221;right&#8221; header_text_color=&#8221;#000000&#8243; header_font_size=&#8221;60px&#8221; background_color=&#8221;rgba(255,255,255,0.86)&#8221; custom_padding=&#8221;27px|20px|27px|20px|true|true&#8221; scroll_scaling_enable=&#8221;on&#8221; scroll_scaling=&#8221;0|23|23|100|100%|100|80%&#8221; scroll_blur_enable=&#8221;on&#8221; scroll_blur=&#8221;0|76|76|100|0px|0px|10px&#8221; hover_enabled=&#8221;0&#8243; header_font_size_tablet=&#8221;48px&#8221; header_font_size_phone=&#8221;36px&#8221; header_font_size_last_edited=&#8221;on|tablet&#8221; border_radii=&#8221;on|3px|3px|3px|3px&#8221; global_colors_info=&#8221;{}&#8221; width=&#8221;78%&#8221; module_alignment=&#8221;center&#8221; sticky_enabled=&#8221;0&#8243;] Turn your ideas into reality [&hellip;]<\/p>\n","protected":false},"author":1,"featured_media":0,"parent":0,"menu_order":0,"comment_status":"closed","ping_status":"closed","template":"","meta":{"_et_pb_use_builder":"on","_et_pb_old_content":"","_et_gb_content_width":"","footnotes":""},"class_list":["post-34866","page","type-page","status-publish","hentry"],"yoast_head":"<!-- This site is optimized with the Yoast SEO plugin v25.7 - https:\/\/yoast.com\/wordpress\/plugins\/seo\/ -->\n<title>Careers - Bizerba Label<\/title>\n<meta name=\"robots\" content=\"index, follow, max-snippet:-1, max-image-preview:large, max-video-preview:-1\" \/>\n<link rel=\"canonical\" href=\"https:\/\/labels.bizerba.com\/carrieres\/\" \/>\n<meta property=\"og:locale\" content=\"en_US\" \/>\n<meta property=\"og:type\" content=\"article\" \/>\n<meta property=\"og:title\" content=\"Careers - Bizerba Label\" \/>\n<meta property=\"og:description\" content=\"[et_pb_section fb_built=&#8221;1&#8243; custom_padding_last_edited=&#8221;on|phone&#8221; _builder_version=&#8221;4.27.4&#8243; _module_preset=&#8221;default&#8221; use_background_color_gradient=&#8221;on&#8221; background_image=&#8221;https:\/\/bizerba-label.com\/wp-content\/uploads\/2024\/12\/labeling-systems_weigh-price-labeler_G5_1200px.webp&#8221; background_position=&#8221;top_center&#8221; background_vertical_offset=&#8221;17%&#8221; background_enable_pattern_style=&#8221;on&#8221; background_pattern_style=&#8221;cubes&#8221; background_pattern_blend_mode=&#8221;saturation&#8221; custom_padding=&#8221;110px||110px||true|false&#8221; custom_padding_tablet=&#8221;75px||75px||true|false&#8221; custom_padding_phone=&#8221;50px||50px||true|false&#8221; global_colors_info=&#8221;{}&#8221;][et_pb_row _builder_version=&#8221;4.21.0&#8243; _module_preset=&#8221;default&#8221; width=&#8221;90%&#8221; max_width=&#8221;1240px&#8221; global_colors_info=&#8221;{}&#8221;][et_pb_column type=&#8221;4_4&#8243; _builder_version=&#8221;4.21.0&#8243; _module_preset=&#8221;default&#8221; global_colors_info=&#8221;{}&#8221;][et_pb_text _builder_version=&#8221;4.27.4&#8243; _module_preset=&#8221;default&#8221; text_font=&#8221;&#8211;et_global_body_font|800|||||||&#8221; text_text_color=&#8221;#000000&#8243; text_font_size=&#8221;3rem&#8221; text_line_height=&#8221;1.1em&#8221; header_font=&#8221;|700|||||||&#8221; header_text_align=&#8221;right&#8221; header_text_color=&#8221;#000000&#8243; header_font_size=&#8221;60px&#8221; background_color=&#8221;rgba(255,255,255,0.86)&#8221; custom_padding=&#8221;27px|20px|27px|20px|true|true&#8221; scroll_scaling_enable=&#8221;on&#8221; scroll_scaling=&#8221;0|23|23|100|100%|100|80%&#8221; scroll_blur_enable=&#8221;on&#8221; scroll_blur=&#8221;0|76|76|100|0px|0px|10px&#8221; hover_enabled=&#8221;0&#8243; header_font_size_tablet=&#8221;48px&#8221; header_font_size_phone=&#8221;36px&#8221; header_font_size_last_edited=&#8221;on|tablet&#8221; border_radii=&#8221;on|3px|3px|3px|3px&#8221; global_colors_info=&#8221;{}&#8221; width=&#8221;78%&#8221; module_alignment=&#8221;center&#8221; sticky_enabled=&#8221;0&#8243;] Turn your ideas into reality [&hellip;]\" \/>\n<meta property=\"og:url\" content=\"https:\/\/labels.bizerba.com\/carrieres\/\" \/>\n<meta property=\"og:site_name\" content=\"Bizerba Label\" \/>\n<meta property=\"article:modified_time\" content=\"2025-03-10T08:08:49+00:00\" \/>\n<meta name=\"twitter:card\" content=\"summary_large_image\" \/>\n<meta name=\"twitter:label1\" content=\"Est. reading time\" \/>\n\t<meta name=\"twitter:data1\" content=\"3 minutes\" \/>\n<script type=\"application\/ld+json\" class=\"yoast-schema-graph\">{\"@context\":\"https:\/\/schema.org\",\"@graph\":[{\"@type\":\"WebPage\",\"@id\":\"https:\/\/labels.bizerba.com\/carrieres\/\",\"url\":\"https:\/\/labels.bizerba.com\/carrieres\/\",\"name\":\"Careers - Bizerba Label\",\"isPartOf\":{\"@id\":\"https:\/\/labels.bizerba.com\/#website\"},\"datePublished\":\"2025-01-16T07:26:58+00:00\",\"dateModified\":\"2025-03-10T08:08:49+00:00\",\"breadcrumb\":{\"@id\":\"https:\/\/labels.bizerba.com\/carrieres\/#breadcrumb\"},\"inLanguage\":\"en-US\",\"potentialAction\":[{\"@type\":\"ReadAction\",\"target\":[\"https:\/\/labels.bizerba.com\/carrieres\/\"]}]},{\"@type\":\"BreadcrumbList\",\"@id\":\"https:\/\/labels.bizerba.com\/carrieres\/#breadcrumb\",\"itemListElement\":[{\"@type\":\"ListItem\",\"position\":1,\"name\":\"Accueil\",\"item\":\"https:\/\/labels.bizerba.com\/en\/\"},{\"@type\":\"ListItem\",\"position\":2,\"name\":\"Careers\"}]},{\"@type\":\"WebSite\",\"@id\":\"https:\/\/labels.bizerba.com\/#website\",\"url\":\"https:\/\/labels.bizerba.com\/\",\"name\":\"Bizerba Label\",\"description\":\"\",\"potentialAction\":[{\"@type\":\"SearchAction\",\"target\":{\"@type\":\"EntryPoint\",\"urlTemplate\":\"https:\/\/labels.bizerba.com\/?s={search_term_string}\"},\"query-input\":{\"@type\":\"PropertyValueSpecification\",\"valueRequired\":true,\"valueName\":\"search_term_string\"}}],\"inLanguage\":\"en-US\"}]}<\/script>\n<!-- \/ Yoast SEO plugin. -->","yoast_head_json":{"title":"Careers - Bizerba Label","robots":{"index":"index","follow":"follow","max-snippet":"max-snippet:-1","max-image-preview":"max-image-preview:large","max-video-preview":"max-video-preview:-1"},"canonical":"https:\/\/labels.bizerba.com\/carrieres\/","og_locale":"en_US","og_type":"article","og_title":"Careers - Bizerba Label","og_description":"[et_pb_section fb_built=&#8221;1&#8243; custom_padding_last_edited=&#8221;on|phone&#8221; _builder_version=&#8221;4.27.4&#8243; _module_preset=&#8221;default&#8221; use_background_color_gradient=&#8221;on&#8221; background_image=&#8221;https:\/\/bizerba-label.com\/wp-content\/uploads\/2024\/12\/labeling-systems_weigh-price-labeler_G5_1200px.webp&#8221; background_position=&#8221;top_center&#8221; background_vertical_offset=&#8221;17%&#8221; background_enable_pattern_style=&#8221;on&#8221; background_pattern_style=&#8221;cubes&#8221; background_pattern_blend_mode=&#8221;saturation&#8221; custom_padding=&#8221;110px||110px||true|false&#8221; custom_padding_tablet=&#8221;75px||75px||true|false&#8221; custom_padding_phone=&#8221;50px||50px||true|false&#8221; global_colors_info=&#8221;{}&#8221;][et_pb_row _builder_version=&#8221;4.21.0&#8243; _module_preset=&#8221;default&#8221; width=&#8221;90%&#8221; max_width=&#8221;1240px&#8221; global_colors_info=&#8221;{}&#8221;][et_pb_column type=&#8221;4_4&#8243; _builder_version=&#8221;4.21.0&#8243; _module_preset=&#8221;default&#8221; global_colors_info=&#8221;{}&#8221;][et_pb_text _builder_version=&#8221;4.27.4&#8243; _module_preset=&#8221;default&#8221; text_font=&#8221;&#8211;et_global_body_font|800|||||||&#8221; text_text_color=&#8221;#000000&#8243; text_font_size=&#8221;3rem&#8221; text_line_height=&#8221;1.1em&#8221; header_font=&#8221;|700|||||||&#8221; header_text_align=&#8221;right&#8221; header_text_color=&#8221;#000000&#8243; header_font_size=&#8221;60px&#8221; background_color=&#8221;rgba(255,255,255,0.86)&#8221; custom_padding=&#8221;27px|20px|27px|20px|true|true&#8221; scroll_scaling_enable=&#8221;on&#8221; scroll_scaling=&#8221;0|23|23|100|100%|100|80%&#8221; scroll_blur_enable=&#8221;on&#8221; scroll_blur=&#8221;0|76|76|100|0px|0px|10px&#8221; hover_enabled=&#8221;0&#8243; header_font_size_tablet=&#8221;48px&#8221; header_font_size_phone=&#8221;36px&#8221; header_font_size_last_edited=&#8221;on|tablet&#8221; border_radii=&#8221;on|3px|3px|3px|3px&#8221; global_colors_info=&#8221;{}&#8221; width=&#8221;78%&#8221; module_alignment=&#8221;center&#8221; sticky_enabled=&#8221;0&#8243;] Turn your ideas into reality [&hellip;]","og_url":"https:\/\/labels.bizerba.com\/carrieres\/","og_site_name":"Bizerba Label","article_modified_time":"2025-03-10T08:08:49+00:00","twitter_card":"summary_large_image","twitter_misc":{"Est. reading time":"3 minutes"},"schema":{"@context":"https:\/\/schema.org","@graph":[{"@type":"WebPage","@id":"https:\/\/labels.bizerba.com\/carrieres\/","url":"https:\/\/labels.bizerba.com\/carrieres\/","name":"Careers - Bizerba Label","isPartOf":{"@id":"https:\/\/labels.bizerba.com\/#website"},"datePublished":"2025-01-16T07:26:58+00:00","dateModified":"2025-03-10T08:08:49+00:00","breadcrumb":{"@id":"https:\/\/labels.bizerba.com\/carrieres\/#breadcrumb"},"inLanguage":"en-US","potentialAction":[{"@type":"ReadAction","target":["https:\/\/labels.bizerba.com\/carrieres\/"]}]},{"@type":"BreadcrumbList","@id":"https:\/\/labels.bizerba.com\/carrieres\/#breadcrumb","itemListElement":[{"@type":"ListItem","position":1,"name":"Accueil","item":"https:\/\/labels.bizerba.com\/en\/"},{"@type":"ListItem","position":2,"name":"Careers"}]},{"@type":"WebSite","@id":"https:\/\/labels.bizerba.com\/#website","url":"https:\/\/labels.bizerba.com\/","name":"Bizerba Label","description":"","potentialAction":[{"@type":"SearchAction","target":{"@type":"EntryPoint","urlTemplate":"https:\/\/labels.bizerba.com\/?s={search_term_string}"},"query-input":{"@type":"PropertyValueSpecification","valueRequired":true,"valueName":"search_term_string"}}],"inLanguage":"en-US"}]}},"_links":{"self":[{"href":"https:\/\/labels.bizerba.com\/en\/wp-json\/wp\/v2\/pages\/34866","targetHints":{"allow":["GET"]}}],"collection":[{"href":"https:\/\/labels.bizerba.com\/en\/wp-json\/wp\/v2\/pages"}],"about":[{"href":"https:\/\/labels.bizerba.com\/en\/wp-json\/wp\/v2\/types\/page"}],"author":[{"embeddable":true,"href":"https:\/\/labels.bizerba.com\/en\/wp-json\/wp\/v2\/users\/1"}],"replies":[{"embeddable":true,"href":"https:\/\/labels.bizerba.com\/en\/wp-json\/wp\/v2\/comments?post=34866"}],"version-history":[{"count":4,"href":"https:\/\/labels.bizerba.com\/en\/wp-json\/wp\/v2\/pages\/34866\/revisions"}],"predecessor-version":[{"id":34874,"href":"https:\/\/labels.bizerba.com\/en\/wp-json\/wp\/v2\/pages\/34866\/revisions\/34874"}],"wp:attachment":[{"href":"https:\/\/labels.bizerba.com\/en\/wp-json\/wp\/v2\/media?parent=34866"}],"curies":[{"name":"wp","href":"https:\/\/api.w.org\/{rel}","templated":true}]}}